{"id":82,"date":"2024-06-29T19:17:17","date_gmt":"2024-06-29T19:17:17","guid":{"rendered":"https:\/\/jobs.architektur-und-raum.de\/?page_id=82"},"modified":"2025-05-18T11:34:12","modified_gmt":"2025-05-18T11:34:12","slug":"impressum","status":"publish","type":"page","link":"https:\/\/jobs.architektur-und-raum.de\/index.php\/impressum\/","title":{"rendered":"Impressum"},"content":{"rendered":"\t\t<div data-elementor-type=\"wp-page\" data-elementor-id=\"82\" class=\"elementor elementor-82\" data-elementor-post-type=\"page\">\n\t\t\t\t\t\t\t<div class=\"elementor-element elementor-element-8a63791 e-flex e-con-boxed e-con e-parent\" data-id=\"8a63791\" data-element_type=\"container\" data-settings=\"{&quot;content_width&quot;:&quot;boxed&quot;}\" data-core-v316-plus=\"true\">\n\t\t\t\t\t<div class=\"e-con-inner\">\n\t\t\t\t<div class=\"elementor-element elementor-element-62927e3 elementor-widget elementor-widget-heading\" data-id=\"62927e3\" data-element_type=\"widget\" data-widget_type=\"heading.default\">\n\t\t\t\t<div class=\"elementor-widget-container\">\n\t\t\t<style>\/*! elementor - v3.17.0 - 08-11-2023 *\/\n.elementor-heading-title{padding:0;margin:0;line-height:1}.elementor-widget-heading .elementor-heading-title[class*=elementor-size-]>a{color:inherit;font-size:inherit;line-height:inherit}.elementor-widget-heading .elementor-heading-title.elementor-size-small{font-size:15px}.elementor-widget-heading .elementor-heading-title.elementor-size-medium{font-size:19px}.elementor-widget-heading .elementor-heading-title.elementor-size-large{font-size:29px}.elementor-widget-heading .elementor-heading-title.elementor-size-xl{font-size:39px}.elementor-widget-heading .elementor-heading-title.elementor-size-xxl{font-size:59px}<\/style><h1 class=\"elementor-heading-title elementor-size-default\">Impressum<\/h1>\t\t<\/div>\n\t\t\t\t<\/div>\n\t\t\t\t<div class=\"elementor-element elementor-element-b799e35 elementor-widget elementor-widget-text-editor\" data-id=\"b799e35\" data-element_type=\"widget\" data-widget_type=\"text-editor.default\">\n\t\t\t\t<div class=\"elementor-widget-container\">\n\t\t\t<style>\/*! elementor - v3.17.0 - 08-11-2023 *\/\n.elementor-widget-text-editor.elementor-drop-cap-view-stacked .elementor-drop-cap{background-color:#69727d;color:#fff}.elementor-widget-text-editor.elementor-drop-cap-view-framed .elementor-drop-cap{color:#69727d;border:3px solid;background-color:transparent}.elementor-widget-text-editor:not(.elementor-drop-cap-view-default) .elementor-drop-cap{margin-top:8px}.elementor-widget-text-editor:not(.elementor-drop-cap-view-default) .elementor-drop-cap-letter{width:1em;height:1em}.elementor-widget-text-editor .elementor-drop-cap{float:left;text-align:center;line-height:1;font-size:50px}.elementor-widget-text-editor .elementor-drop-cap-letter{display:inline-block}<\/style>\t\t\t\t<p>Michael Honvehlmann<br \/>honvehlmann architektur + raum<br \/>Overbecker Weg 2<br \/>46348 Raesfeld<\/p><h2>Kontakt<\/h2><p>Telefon: +49 2865 \u2013 204 37 37<br \/>E-Mail: mh@architektur-und-raum.de<\/p><h2>Berufsbezeichnung und berufsrechtliche Regelungen<\/h2><p>Berufsbezeichnung:<br \/>Architekt<\/p><p>Zust\u00e4ndige Kammer:<br \/>Architektenkammer Nordrhein-Westfalen<br \/>K\u00f6rperschaft des \u00f6ffentlichen Rechts<br \/>Zollhof 1, 40221 Duesseldorf<\/p><p>Verliehen in:<br \/>Deutschland<\/p><p>Es gelten folgende berufsrechtliche Regelungen:<\/p><p>Baukammerngesetz NRW, (BauKaG NRW)<\/p><p>Durchfuehrungsverordnung zum Baukammergesetz DVO BauKaG NW<\/p><p>Hautsatzung der Architektenkammer Nordrhein Westfalen<\/p><p>Honorarordnung f\u00fcr Architekten und Ingenieure (HOAI) Link zu den berufsrechtlichen Regelungen:<br \/><a href=\"http:\/\/www.aknw.de\" target=\"_blank\" rel=\"noopener noreferrer\">http:\/\/www.aknw.de<\/a><\/p><h2>EU-Streitschlichtung<\/h2><p>Die Europ\u00e4ische Kommission stellt eine Plattform zur Online-Streitbeilegung (OS) bereit: <a href=\"https:\/\/ec.europa.eu\/consumers\/odr\/\" target=\"_blank\" rel=\"noopener noreferrer\">https:\/\/ec.europa.eu\/consumers\/odr\/<\/a>.<br \/>Unsere E-Mail-Adresse finden Sie oben im Impressum.<\/p><h2>Verbraucher\u00adstreit\u00adbeilegung\/Universal\u00adschlichtungs\u00adstelle<\/h2><p>Wir sind nicht bereit oder verpflichtet, an Streitbeilegungsverfahren vor einer Verbraucherschlichtungsstelle teilzunehmen.<\/p>\t\t\t\t\t\t<\/div>\n\t\t\t\t<\/div>\n\t\t\t\t\t<\/div>\n\t\t\t\t<\/div>\n\t\t\t\t\t\t\t<\/div>\n\t\t","protected":false},"excerpt":{"rendered":"<p>Impressum Michael Honvehlmannhonvehlmann architektur + raumOverbecker Weg 246348 Raesfeld Kontakt Telefon: +49 2865 \u2013 204 37 37E-Mail: mh@architektur-und-raum.de Berufsbezeichnung und berufsrechtliche Regelungen Berufsbezeichnung:Architekt Zust\u00e4ndige Kammer:Architektenkammer Nordrhein-WestfalenK\u00f6rperschaft des \u00f6ffentlichen RechtsZollhof 1, 40221 Duesseldorf Verliehen in:Deutschland Es gelten folgende berufsrechtliche Regelungen: Baukammerngesetz NRW, (BauKaG NRW) Durchfuehrungsverordnung zum Baukammergesetz DVO BauKaG NW Hautsatzung der Architektenkammer Nordrhein Westfalen Honorarordnung [&hellip;]<\/p>\n","protected":false},"author":1,"featured_media":0,"parent":0,"menu_order":0,"comment_status":"closed","ping_status":"closed","template":"","meta":{"footnotes":""},"class_list":["post-82","page","type-page","status-publish","hentry"],"yoast_head":"<!-- This site is optimized with the Yoast SEO plugin v21.5 - https:\/\/yoast.com\/wordpress\/plugins\/seo\/ -->\n<title>Impressum - Karriere Honvehlmann Architektur + Raum<\/title>\n<meta name=\"robots\" content=\"index, follow, max-snippet:-1, max-image-preview:large, max-video-preview:-1\" \/>\n<link rel=\"canonical\" href=\"https:\/\/jobs.architektur-und-raum.de\/index.php\/impressum\/\" \/>\n<meta property=\"og:locale\" content=\"de_DE\" \/>\n<meta property=\"og:type\" content=\"article\" \/>\n<meta property=\"og:title\" content=\"Impressum - Karriere Honvehlmann Architektur + Raum\" \/>\n<meta property=\"og:description\" content=\"Impressum Michael Honvehlmannhonvehlmann architektur + raumOverbecker Weg 246348 Raesfeld Kontakt Telefon: +49 2865 \u2013 204 37 37E-Mail: mh@architektur-und-raum.de Berufsbezeichnung und berufsrechtliche Regelungen Berufsbezeichnung:Architekt Zust\u00e4ndige Kammer:Architektenkammer Nordrhein-WestfalenK\u00f6rperschaft des \u00f6ffentlichen RechtsZollhof 1, 40221 Duesseldorf Verliehen in:Deutschland Es gelten folgende berufsrechtliche Regelungen: Baukammerngesetz NRW, (BauKaG NRW) Durchfuehrungsverordnung zum Baukammergesetz DVO BauKaG NW Hautsatzung der Architektenkammer Nordrhein Westfalen Honorarordnung [&hellip;]\" \/>\n<meta property=\"og:url\" content=\"https:\/\/jobs.architektur-und-raum.de\/index.php\/impressum\/\" \/>\n<meta property=\"og:site_name\" content=\"Karriere Honvehlmann Architektur + Raum\" \/>\n<meta property=\"article:modified_time\" content=\"2025-05-18T11:34:12+00:00\" \/>\n<meta name=\"twitter:card\" content=\"summary_large_image\" \/>\n<meta name=\"twitter:label1\" content=\"Gesch\u00e4tzte Lesezeit\" \/>\n\t<meta name=\"twitter:data1\" content=\"1\u00a0Minute\" \/>\n<script type=\"application\/ld+json\" class=\"yoast-schema-graph\">{\"@context\":\"https:\/\/schema.org\",\"@graph\":[{\"@type\":\"WebPage\",\"@id\":\"https:\/\/jobs.architektur-und-raum.de\/index.php\/impressum\/\",\"url\":\"https:\/\/jobs.architektur-und-raum.de\/index.php\/impressum\/\",\"name\":\"Impressum - Karriere Honvehlmann Architektur + Raum\",\"isPartOf\":{\"@id\":\"https:\/\/jobs.architektur-und-raum.de\/#website\"},\"datePublished\":\"2024-06-29T19:17:17+00:00\",\"dateModified\":\"2025-05-18T11:34:12+00:00\",\"breadcrumb\":{\"@id\":\"https:\/\/jobs.architektur-und-raum.de\/index.php\/impressum\/#breadcrumb\"},\"inLanguage\":\"de\",\"potentialAction\":[{\"@type\":\"ReadAction\",\"target\":[\"https:\/\/jobs.architektur-und-raum.de\/index.php\/impressum\/\"]}]},{\"@type\":\"BreadcrumbList\",\"@id\":\"https:\/\/jobs.architektur-und-raum.de\/index.php\/impressum\/#breadcrumb\",\"itemListElement\":[{\"@type\":\"ListItem\",\"position\":1,\"name\":\"Startseite\",\"item\":\"https:\/\/jobs.architektur-und-raum.de\/\"},{\"@type\":\"ListItem\",\"position\":2,\"name\":\"Impressum\"}]},{\"@type\":\"WebSite\",\"@id\":\"https:\/\/jobs.architektur-und-raum.de\/#website\",\"url\":\"https:\/\/jobs.architektur-und-raum.de\/\",\"name\":\"Karriere Honvehlmann Architektur + Raum\",\"description\":\"\",\"publisher\":{\"@id\":\"https:\/\/jobs.architektur-und-raum.de\/#organization\"},\"potentialAction\":[{\"@type\":\"SearchAction\",\"target\":{\"@type\":\"EntryPoint\",\"urlTemplate\":\"https:\/\/jobs.architektur-und-raum.de\/?s={search_term_string}\"},\"query-input\":\"required name=search_term_string\"}],\"inLanguage\":\"de\"},{\"@type\":\"Organization\",\"@id\":\"https:\/\/jobs.architektur-und-raum.de\/#organization\",\"name\":\"Karriere Honvehlmann Architektur + Raum\",\"url\":\"https:\/\/jobs.architektur-und-raum.de\/\",\"logo\":{\"@type\":\"ImageObject\",\"inLanguage\":\"de\",\"@id\":\"https:\/\/jobs.architektur-und-raum.de\/#\/schema\/logo\/image\/\",\"url\":\"https:\/\/jobs.architektur-und-raum.de\/wp-content\/uploads\/2023\/10\/gruppe_37.png\",\"contentUrl\":\"https:\/\/jobs.architektur-und-raum.de\/wp-content\/uploads\/2023\/10\/gruppe_37.png\",\"width\":1316,\"height\":268,\"caption\":\"Karriere Honvehlmann Architektur + Raum\"},\"image\":{\"@id\":\"https:\/\/jobs.architektur-und-raum.de\/#\/schema\/logo\/image\/\"}}]}<\/script>\n<!-- \/ Yoast SEO plugin. -->","yoast_head_json":{"title":"Impressum - Karriere Honvehlmann Architektur + Raum","robots":{"index":"index","follow":"follow","max-snippet":"max-snippet:-1","max-image-preview":"max-image-preview:large","max-video-preview":"max-video-preview:-1"},"canonical":"https:\/\/jobs.architektur-und-raum.de\/index.php\/impressum\/","og_locale":"de_DE","og_type":"article","og_title":"Impressum - Karriere Honvehlmann Architektur + Raum","og_description":"Impressum Michael Honvehlmannhonvehlmann architektur + raumOverbecker Weg 246348 Raesfeld Kontakt Telefon: +49 2865 \u2013 204 37 37E-Mail: mh@architektur-und-raum.de Berufsbezeichnung und berufsrechtliche Regelungen Berufsbezeichnung:Architekt Zust\u00e4ndige Kammer:Architektenkammer Nordrhein-WestfalenK\u00f6rperschaft des \u00f6ffentlichen RechtsZollhof 1, 40221 Duesseldorf Verliehen in:Deutschland Es gelten folgende berufsrechtliche Regelungen: Baukammerngesetz NRW, (BauKaG NRW) Durchfuehrungsverordnung zum Baukammergesetz DVO BauKaG NW Hautsatzung der Architektenkammer Nordrhein Westfalen Honorarordnung [&hellip;]","og_url":"https:\/\/jobs.architektur-und-raum.de\/index.php\/impressum\/","og_site_name":"Karriere Honvehlmann Architektur + Raum","article_modified_time":"2025-05-18T11:34:12+00:00","twitter_card":"summary_large_image","twitter_misc":{"Gesch\u00e4tzte Lesezeit":"1\u00a0Minute"},"schema":{"@context":"https:\/\/schema.org","@graph":[{"@type":"WebPage","@id":"https:\/\/jobs.architektur-und-raum.de\/index.php\/impressum\/","url":"https:\/\/jobs.architektur-und-raum.de\/index.php\/impressum\/","name":"Impressum - Karriere Honvehlmann Architektur + Raum","isPartOf":{"@id":"https:\/\/jobs.architektur-und-raum.de\/#website"},"datePublished":"2024-06-29T19:17:17+00:00","dateModified":"2025-05-18T11:34:12+00:00","breadcrumb":{"@id":"https:\/\/jobs.architektur-und-raum.de\/index.php\/impressum\/#breadcrumb"},"inLanguage":"de","potentialAction":[{"@type":"ReadAction","target":["https:\/\/jobs.architektur-und-raum.de\/index.php\/impressum\/"]}]},{"@type":"BreadcrumbList","@id":"https:\/\/jobs.architektur-und-raum.de\/index.php\/impressum\/#breadcrumb","itemListElement":[{"@type":"ListItem","position":1,"name":"Startseite","item":"https:\/\/jobs.architektur-und-raum.de\/"},{"@type":"ListItem","position":2,"name":"Impressum"}]},{"@type":"WebSite","@id":"https:\/\/jobs.architektur-und-raum.de\/#website","url":"https:\/\/jobs.architektur-und-raum.de\/","name":"Karriere Honvehlmann Architektur + Raum","description":"","publisher":{"@id":"https:\/\/jobs.architektur-und-raum.de\/#organization"},"potentialAction":[{"@type":"SearchAction","target":{"@type":"EntryPoint","urlTemplate":"https:\/\/jobs.architektur-und-raum.de\/?s={search_term_string}"},"query-input":"required name=search_term_string"}],"inLanguage":"de"},{"@type":"Organization","@id":"https:\/\/jobs.architektur-und-raum.de\/#organization","name":"Karriere Honvehlmann Architektur + Raum","url":"https:\/\/jobs.architektur-und-raum.de\/","logo":{"@type":"ImageObject","inLanguage":"de","@id":"https:\/\/jobs.architektur-und-raum.de\/#\/schema\/logo\/image\/","url":"https:\/\/jobs.architektur-und-raum.de\/wp-content\/uploads\/2023\/10\/gruppe_37.png","contentUrl":"https:\/\/jobs.architektur-und-raum.de\/wp-content\/uploads\/2023\/10\/gruppe_37.png","width":1316,"height":268,"caption":"Karriere Honvehlmann Architektur + Raum"},"image":{"@id":"https:\/\/jobs.architektur-und-raum.de\/#\/schema\/logo\/image\/"}}]}},"_links":{"self":[{"href":"https:\/\/jobs.architektur-und-raum.de\/index.php\/wp-json\/wp\/v2\/pages\/82","targetHints":{"allow":["GET"]}}],"collection":[{"href":"https:\/\/jobs.architektur-und-raum.de\/index.php\/wp-json\/wp\/v2\/pages"}],"about":[{"href":"https:\/\/jobs.architektur-und-raum.de\/index.php\/wp-json\/wp\/v2\/types\/page"}],"author":[{"embeddable":true,"href":"https:\/\/jobs.architektur-und-raum.de\/index.php\/wp-json\/wp\/v2\/users\/1"}],"replies":[{"embeddable":true,"href":"https:\/\/jobs.architektur-und-raum.de\/index.php\/wp-json\/wp\/v2\/comments?post=82"}],"version-history":[{"count":11,"href":"https:\/\/jobs.architektur-und-raum.de\/index.php\/wp-json\/wp\/v2\/pages\/82\/revisions"}],"predecessor-version":[{"id":436,"href":"https:\/\/jobs.architektur-und-raum.de\/index.php\/wp-json\/wp\/v2\/pages\/82\/revisions\/436"}],"wp:attachment":[{"href":"https:\/\/jobs.architektur-und-raum.de\/index.php\/wp-json\/wp\/v2\/media?parent=82"}],"curies":[{"name":"wp","href":"https:\/\/api.w.org\/{rel}","templated":true}]}}